{"id":3672,"date":"2021-03-04T08:55:00","date_gmt":"2021-03-04T07:55:00","guid":{"rendered":"https:\/\/kti.si\/?page_id=3672"},"modified":"2021-03-04T08:55:46","modified_gmt":"2021-03-04T07:55:46","slug":"konex-statement","status":"publish","type":"page","link":"https:\/\/kti.si\/en\/konex-statement\/","title":{"rendered":"Konex statement"},"content":{"rendered":"\t\t<div data-elementor-type=\"wp-page\" data-elementor-id=\"3672\" class=\"elementor elementor-3672 elementor-1405\">\n\t\t\t\t\t\t\t\t\t<section class=\"elementor-section elementor-top-section elementor-element elementor-element-2c02983 elementor-section-boxed elementor-section-height-default elementor-section-height-default\" data-id=\"2c02983\" data-element_type=\"section\">\n\t\t\t\t\t\t<div class=\"elementor-container elementor-column-gap-default\">\n\t\t\t\t\t<div class=\"elementor-column elementor-col-50 elementor-top-column elementor-element elementor-element-4bce218\" data-id=\"4bce218\" data-element_type=\"column\">\n\t\t\t<div class=\"elementor-widget-wrap elementor-element-populated\">\n\t\t\t\t\t\t\t\t<div class=\"elementor-element elementor-element-335a9fc elementor-widget elementor-widget-image\" data-id=\"335a9fc\" data-element_type=\"widget\" data-widget_type=\"image.default\">\n\t\t\t\t<div class=\"elementor-widget-container\">\n\t\t\t\t\t\t\t\t\t\t\t\t\t\t\t<img loading=\"lazy\" decoding=\"async\" width=\"100\" height=\"101\" src=\"https:\/\/kti.si\/wp-content\/uploads\/2021\/01\/KONUS-TRANS.png\" class=\"attachment-large size-large wp-image-1422\" alt=\"\" \/>\t\t\t\t\t\t\t\t\t\t\t\t\t\t\t<\/div>\n\t\t\t\t<\/div>\n\t\t\t\t\t<\/div>\n\t\t<\/div>\n\t\t\t\t<div class=\"elementor-column elementor-col-50 elementor-top-column elementor-element elementor-element-6339860\" data-id=\"6339860\" data-element_type=\"column\">\n\t\t\t<div class=\"elementor-widget-wrap elementor-element-populated\">\n\t\t\t\t\t\t\t\t<div class=\"elementor-element elementor-element-0c5d466 elementor-widget elementor-widget-heading\" data-id=\"0c5d466\" data-element_type=\"widget\" data-widget_type=\"heading.default\">\n\t\t\t\t<div class=\"elementor-widget-container\">\n\t\t\t<h2 class=\"elementor-heading-title elementor-size-default\">Konus Konex d.o.o.<\/h2>\t\t<\/div>\n\t\t\t\t<\/div>\n\t\t\t\t<div class=\"elementor-element elementor-element-15bc323 elementor-widget elementor-widget-heading\" data-id=\"15bc323\" data-element_type=\"widget\" data-widget_type=\"heading.default\">\n\t\t\t\t<div class=\"elementor-widget-container\">\n\t\t\t<h2 class=\"elementor-heading-title elementor-size-default\">Marko Grilj, 07. 01. 2021<\/h2>\t\t<\/div>\n\t\t\t\t<\/div>\n\t\t\t\t<div class=\"elementor-element elementor-element-4b5b8df elementor-widget-divider--view-line elementor-widget elementor-widget-divider\" data-id=\"4b5b8df\" data-element_type=\"widget\" data-widget_type=\"divider.default\">\n\t\t\t\t<div class=\"elementor-widget-container\">\n\t\t\t\t\t<div class=\"elementor-divider\">\n\t\t\t<span class=\"elementor-divider-separator\">\n\t\t\t\t\t\t<\/span>\n\t\t<\/div>\n\t\t\t\t<\/div>\n\t\t\t\t<\/div>\n\t\t\t\t<div class=\"elementor-element elementor-element-95bb29d elementor-widget elementor-widget-text-editor\" data-id=\"95bb29d\" data-element_type=\"widget\" data-widget_type=\"text-editor.default\">\n\t\t\t\t<div class=\"elementor-widget-container\">\n\t\t\t\t\t\t\t<p>At Konus Konex, we were faced with a big problem of wear and supply of mechanical and electrical spare parts on our needle line (we have the label \u201cA\u201d line). The \u201cA\u201d line consists of a carding, a floor base and five needle machines.<\/p><p>Since we had the biggest problem on needle machines, we decided to do the electronic renovation of these machines. We selected for the renovation of the lines as well as the renovation of the whole company equipment the contractor KTI. Siemens was selected for the control and display equipment, Lenze for the renovation of the gear box engines and frequency converters and Profinet for the communication protocol.<\/p><p>Due to the age of the \u201cA\u201d line (1980 and 1986, floor base 2014), we replaced AC planetary gear motors with frequency converters, as well as all electrical cabinets, made a new control unit and wrote the whole new program for the \u201cA\u201d line. We entrusted the works to KTI, who executed the works in a professional manner according to our plans and expectations.<\/p><p>The new electronics and the newly written program resulted in additional advantages, such as the functionality of storing recipes, providing the possibility of repeating the production. For this reason, and thanks to newly developed tools, such as, for example, overview of the load in the operation of each machine, we have increased productivity by 10 -15% and at the same time improved the quality. Training of new people for operation of the \u201cA\u201d line now takes only half an hour, since the user interface is now very easy to use. In addition, we have reduced electrical stoppages by more than 80% comparing with the use of old equipment.<\/p><p>Due to very good experience, after needle machines, we decided to renovate the entire \u201cA\u201d line. We left out only the floor base, which was only 6 years old and there were no problems with it.<\/p><p>Marko Grilj, director<\/p><p><b>Konex d.o.o.<\/b><\/p>\t\t\t\t\t\t<\/div>\n\t\t\t\t<\/div>\n\t\t\t\t\t<\/div>\n\t\t<\/div>\n\t\t\t\t\t\t\t<\/div>\n\t\t<\/section>\n\t\t\t\t\t\t\t<\/div>\n\t\t","protected":false},"excerpt":{"rendered":"<p>Konus Konex d.o.o. Marko Grilj, 07. 01. 2021 At Konus Konex, we were faced with a big problem of wear and supply of mechanical and electrical spare parts on our needle line (we have the label \u201cA\u201d line). The \u201cA\u201d line consists of a carding, a floor base and five needle machines. Since we had &hellip;<\/p>\n<p class=\"read-more\"> <a class=\"\" href=\"https:\/\/kti.si\/en\/konex-statement\/\"> <span class=\"screen-reader-text\">Konex statement<\/span> Read More &raquo;<\/a><\/p>\n","protected":false},"author":1,"featured_media":0,"parent":0,"menu_order":0,"comment_status":"closed","ping_status":"closed","template":"","meta":{"site-sidebar-layout":"no-sidebar","site-content-layout":"page-builder","ast-global-header-display":"","ast-main-header-display":"","ast-hfb-above-header-display":"","ast-hfb-below-header-display":"","ast-hfb-mobile-header-display":"","site-post-title":"disabled","ast-breadcrumbs-content":"","ast-featured-img":"disabled","footer-sml-layout":"","theme-transparent-header-meta":"default","adv-header-id-meta":"","stick-header-meta":"","header-above-stick-meta":"","header-main-stick-meta":"","header-below-stick-meta":"","footnotes":""},"class_list":["post-3672","page","type-page","status-publish","hentry"],"yoast_head":"<!-- This site is optimized with the Yoast SEO plugin v22.3 - https:\/\/yoast.com\/wordpress\/plugins\/seo\/ -->\n<title>Konex statement - KTI, elektronika, d.o.o.<\/title>\n<meta name=\"description\" content=\"Konus Konex d.o.o. Marko Grilj, 07. 01. 2021 At Konus Konex, we were faced with a big problem of wear and supply of mechanical and electrical spare parts\" \/>\n<meta name=\"robots\" content=\"index, follow, max-snippet:-1, max-image-preview:large, max-video-preview:-1\" \/>\n<link rel=\"canonical\" href=\"https:\/\/kti.si\/en\/konex-statement\/\" \/>\n<meta property=\"og:locale\" content=\"en_US\" \/>\n<meta property=\"og:type\" content=\"article\" \/>\n<meta property=\"og:title\" content=\"Konex statement - KTI, elektronika, d.o.o.\" \/>\n<meta property=\"og:description\" content=\"Konus Konex d.o.o. Marko Grilj, 07. 01. 2021 At Konus Konex, we were faced with a big problem of wear and supply of mechanical and electrical spare parts\" \/>\n<meta property=\"og:url\" content=\"https:\/\/kti.si\/en\/konex-statement\/\" \/>\n<meta property=\"og:site_name\" content=\"KTI, elektronika, d.o.o.\" \/>\n<meta property=\"article:publisher\" content=\"https:\/\/www.facebook.com\/KTI-elektronika-1230214997074729\/\" \/>\n<meta property=\"article:modified_time\" content=\"2021-03-04T07:55:46+00:00\" \/>\n<meta property=\"og:image\" content=\"https:\/\/kti.si\/wp-content\/uploads\/2021\/01\/KONUS-TRANS.png\" \/>\n<meta name=\"twitter:card\" content=\"summary_large_image\" \/>\n<meta name=\"twitter:label1\" content=\"Est. reading time\" \/>\n\t<meta name=\"twitter:data1\" content=\"2 minutes\" \/>\n<script type=\"application\/ld+json\" class=\"yoast-schema-graph\">{\"@context\":\"https:\/\/schema.org\",\"@graph\":[{\"@type\":\"WebPage\",\"@id\":\"https:\/\/kti.si\/en\/konex-statement\/\",\"url\":\"https:\/\/kti.si\/en\/konex-statement\/\",\"name\":\"Konex statement - KTI, elektronika, d.o.o.\",\"isPartOf\":{\"@id\":\"https:\/\/kti.si\/#website\"},\"primaryImageOfPage\":{\"@id\":\"https:\/\/kti.si\/en\/konex-statement\/#primaryimage\"},\"image\":{\"@id\":\"https:\/\/kti.si\/en\/konex-statement\/#primaryimage\"},\"thumbnailUrl\":\"https:\/\/kti.si\/wp-content\/uploads\/2021\/01\/KONUS-TRANS.png\",\"datePublished\":\"2021-03-04T07:55:00+00:00\",\"dateModified\":\"2021-03-04T07:55:46+00:00\",\"description\":\"Konus Konex d.o.o. Marko Grilj, 07. 01. 2021 At Konus Konex, we were faced with a big problem of wear and supply of mechanical and electrical spare parts\",\"breadcrumb\":{\"@id\":\"https:\/\/kti.si\/en\/konex-statement\/#breadcrumb\"},\"inLanguage\":\"en-US\",\"potentialAction\":[{\"@type\":\"ReadAction\",\"target\":[\"https:\/\/kti.si\/en\/konex-statement\/\"]}]},{\"@type\":\"ImageObject\",\"inLanguage\":\"en-US\",\"@id\":\"https:\/\/kti.si\/en\/konex-statement\/#primaryimage\",\"url\":\"https:\/\/kti.si\/wp-content\/uploads\/2021\/01\/KONUS-TRANS.png\",\"contentUrl\":\"https:\/\/kti.si\/wp-content\/uploads\/2021\/01\/KONUS-TRANS.png\",\"width\":100,\"height\":101},{\"@type\":\"BreadcrumbList\",\"@id\":\"https:\/\/kti.si\/en\/konex-statement\/#breadcrumb\",\"itemListElement\":[{\"@type\":\"ListItem\",\"position\":1,\"name\":\"Home\",\"item\":\"https:\/\/kti.si\/\"},{\"@type\":\"ListItem\",\"position\":2,\"name\":\"Konex statement\"}]},{\"@type\":\"WebSite\",\"@id\":\"https:\/\/kti.si\/#website\",\"url\":\"https:\/\/kti.si\/\",\"name\":\"KTI, elektronika, d.o.o.\",\"description\":\"Nudimo vam kvalitetne re\u0161itve na podro\u010dju proizvodnih oz. delovnih procesov, ter drugih podro\u010djih elektro stroke.\",\"publisher\":{\"@id\":\"https:\/\/kti.si\/#organization\"},\"potentialAction\":[{\"@type\":\"SearchAction\",\"target\":{\"@type\":\"EntryPoint\",\"urlTemplate\":\"https:\/\/kti.si\/?s={search_term_string}\"},\"query-input\":\"required name=search_term_string\"}],\"inLanguage\":\"en-US\"},{\"@type\":\"Organization\",\"@id\":\"https:\/\/kti.si\/#organization\",\"name\":\"KTI, elektronika, d.o.o.\",\"url\":\"https:\/\/kti.si\/\",\"logo\":{\"@type\":\"ImageObject\",\"inLanguage\":\"en-US\",\"@id\":\"https:\/\/kti.si\/#\/schema\/logo\/image\/\",\"url\":\"https:\/\/kti.si\/wp-content\/uploads\/2021\/03\/Logotip_KTI.svg\",\"contentUrl\":\"https:\/\/kti.si\/wp-content\/uploads\/2021\/03\/Logotip_KTI.svg\",\"width\":\"1024\",\"height\":\"1024\",\"caption\":\"KTI, elektronika, d.o.o.\"},\"image\":{\"@id\":\"https:\/\/kti.si\/#\/schema\/logo\/image\/\"},\"sameAs\":[\"https:\/\/www.facebook.com\/KTI-elektronika-1230214997074729\/\"]}]}<\/script>\n<!-- \/ Yoast SEO plugin. -->","yoast_head_json":{"title":"Konex statement - KTI, elektronika, d.o.o.","description":"Konus Konex d.o.o. Marko Grilj, 07. 01. 2021 At Konus Konex, we were faced with a big problem of wear and supply of mechanical and electrical spare parts","robots":{"index":"index","follow":"follow","max-snippet":"max-snippet:-1","max-image-preview":"max-image-preview:large","max-video-preview":"max-video-preview:-1"},"canonical":"https:\/\/kti.si\/en\/konex-statement\/","og_locale":"en_US","og_type":"article","og_title":"Konex statement - KTI, elektronika, d.o.o.","og_description":"Konus Konex d.o.o. Marko Grilj, 07. 01. 2021 At Konus Konex, we were faced with a big problem of wear and supply of mechanical and electrical spare parts","og_url":"https:\/\/kti.si\/en\/konex-statement\/","og_site_name":"KTI, elektronika, d.o.o.","article_publisher":"https:\/\/www.facebook.com\/KTI-elektronika-1230214997074729\/","article_modified_time":"2021-03-04T07:55:46+00:00","og_image":[{"url":"https:\/\/kti.si\/wp-content\/uploads\/2021\/01\/KONUS-TRANS.png"}],"twitter_card":"summary_large_image","twitter_misc":{"Est. reading time":"2 minutes"},"schema":{"@context":"https:\/\/schema.org","@graph":[{"@type":"WebPage","@id":"https:\/\/kti.si\/en\/konex-statement\/","url":"https:\/\/kti.si\/en\/konex-statement\/","name":"Konex statement - KTI, elektronika, d.o.o.","isPartOf":{"@id":"https:\/\/kti.si\/#website"},"primaryImageOfPage":{"@id":"https:\/\/kti.si\/en\/konex-statement\/#primaryimage"},"image":{"@id":"https:\/\/kti.si\/en\/konex-statement\/#primaryimage"},"thumbnailUrl":"https:\/\/kti.si\/wp-content\/uploads\/2021\/01\/KONUS-TRANS.png","datePublished":"2021-03-04T07:55:00+00:00","dateModified":"2021-03-04T07:55:46+00:00","description":"Konus Konex d.o.o. Marko Grilj, 07. 01. 2021 At Konus Konex, we were faced with a big problem of wear and supply of mechanical and electrical spare parts","breadcrumb":{"@id":"https:\/\/kti.si\/en\/konex-statement\/#breadcrumb"},"inLanguage":"en-US","potentialAction":[{"@type":"ReadAction","target":["https:\/\/kti.si\/en\/konex-statement\/"]}]},{"@type":"ImageObject","inLanguage":"en-US","@id":"https:\/\/kti.si\/en\/konex-statement\/#primaryimage","url":"https:\/\/kti.si\/wp-content\/uploads\/2021\/01\/KONUS-TRANS.png","contentUrl":"https:\/\/kti.si\/wp-content\/uploads\/2021\/01\/KONUS-TRANS.png","width":100,"height":101},{"@type":"BreadcrumbList","@id":"https:\/\/kti.si\/en\/konex-statement\/#breadcrumb","itemListElement":[{"@type":"ListItem","position":1,"name":"Home","item":"https:\/\/kti.si\/"},{"@type":"ListItem","position":2,"name":"Konex statement"}]},{"@type":"WebSite","@id":"https:\/\/kti.si\/#website","url":"https:\/\/kti.si\/","name":"KTI, elektronika, d.o.o.","description":"Nudimo vam kvalitetne re\u0161itve na podro\u010dju proizvodnih oz. delovnih procesov, ter drugih podro\u010djih elektro stroke.","publisher":{"@id":"https:\/\/kti.si\/#organization"},"potentialAction":[{"@type":"SearchAction","target":{"@type":"EntryPoint","urlTemplate":"https:\/\/kti.si\/?s={search_term_string}"},"query-input":"required name=search_term_string"}],"inLanguage":"en-US"},{"@type":"Organization","@id":"https:\/\/kti.si\/#organization","name":"KTI, elektronika, d.o.o.","url":"https:\/\/kti.si\/","logo":{"@type":"ImageObject","inLanguage":"en-US","@id":"https:\/\/kti.si\/#\/schema\/logo\/image\/","url":"https:\/\/kti.si\/wp-content\/uploads\/2021\/03\/Logotip_KTI.svg","contentUrl":"https:\/\/kti.si\/wp-content\/uploads\/2021\/03\/Logotip_KTI.svg","width":"1024","height":"1024","caption":"KTI, elektronika, d.o.o."},"image":{"@id":"https:\/\/kti.si\/#\/schema\/logo\/image\/"},"sameAs":["https:\/\/www.facebook.com\/KTI-elektronika-1230214997074729\/"]}]}},"_links":{"self":[{"href":"https:\/\/kti.si\/en\/wp-json\/wp\/v2\/pages\/3672","targetHints":{"allow":["GET"]}}],"collection":[{"href":"https:\/\/kti.si\/en\/wp-json\/wp\/v2\/pages"}],"about":[{"href":"https:\/\/kti.si\/en\/wp-json\/wp\/v2\/types\/page"}],"author":[{"embeddable":true,"href":"https:\/\/kti.si\/en\/wp-json\/wp\/v2\/users\/1"}],"replies":[{"embeddable":true,"href":"https:\/\/kti.si\/en\/wp-json\/wp\/v2\/comments?post=3672"}],"version-history":[{"count":3,"href":"https:\/\/kti.si\/en\/wp-json\/wp\/v2\/pages\/3672\/revisions"}],"predecessor-version":[{"id":3676,"href":"https:\/\/kti.si\/en\/wp-json\/wp\/v2\/pages\/3672\/revisions\/3676"}],"wp:attachment":[{"href":"https:\/\/kti.si\/en\/wp-json\/wp\/v2\/media?parent=3672"}],"curies":[{"name":"wp","href":"https:\/\/api.w.org\/{rel}","templated":true}]}}