{"id":3886,"date":"2021-02-16T09:41:04","date_gmt":"2021-02-16T08:41:04","guid":{"rendered":"https:\/\/kti.si\/sofinanciranje\/"},"modified":"2021-03-04T11:00:35","modified_gmt":"2021-03-04T10:00:35","slug":"eu-co-financing","status":"publish","type":"page","link":"https:\/\/kti.si\/en\/eu-co-financing\/","title":{"rendered":"EU CO-FINANCING"},"content":{"rendered":"\t\t<div data-elementor-type=\"wp-page\" data-elementor-id=\"3886\" class=\"elementor elementor-3886 elementor-3184\">\n\t\t\t\t\t\t\t\t\t<section class=\"elementor-section elementor-top-section elementor-element elementor-element-33aa5d7 elementor-section-boxed elementor-section-height-default elementor-section-height-default\" data-id=\"33aa5d7\" data-element_type=\"section\">\n\t\t\t\t\t\t<div class=\"elementor-container elementor-column-gap-default\">\n\t\t\t\t\t<div class=\"elementor-column elementor-col-100 elementor-top-column elementor-element elementor-element-c83749b\" data-id=\"c83749b\" data-element_type=\"column\">\n\t\t\t<div class=\"elementor-widget-wrap elementor-element-populated\">\n\t\t\t\t\t\t\t\t<div class=\"elementor-element elementor-element-c4268af elementor-widget elementor-widget-heading\" data-id=\"c4268af\" data-element_type=\"widget\" data-widget_type=\"heading.default\">\n\t\t\t\t<div class=\"elementor-widget-container\">\n\t\t\t<h2 class=\"elementor-heading-title elementor-size-default\">PROJEKT \u00bbPPP V KTI\u00ab PREJEL EU SOFINANCIRANJE<\/h2>\t\t<\/div>\n\t\t\t\t<\/div>\n\t\t\t\t<div class=\"elementor-element elementor-element-ed85427 elementor-widget-divider--view-line elementor-widget elementor-widget-divider\" data-id=\"ed85427\" data-element_type=\"widget\" data-widget_type=\"divider.default\">\n\t\t\t\t<div class=\"elementor-widget-container\">\n\t\t\t\t\t<div class=\"elementor-divider\">\n\t\t\t<span class=\"elementor-divider-separator\">\n\t\t\t\t\t\t<\/span>\n\t\t<\/div>\n\t\t\t\t<\/div>\n\t\t\t\t<\/div>\n\t\t\t\t<div class=\"elementor-element elementor-element-85ec0ef elementor-widget elementor-widget-text-editor\" data-id=\"85ec0ef\" data-element_type=\"widget\" data-widget_type=\"text-editor.default\">\n\t\t\t\t<div class=\"elementor-widget-container\">\n\t\t\t\t\t\t\t<p>Projekt prenova poslovnih procesov v podjetju KTI elektronika d.o.o., bo zajemal naslednje aktivnosti in podro\u010dja dela: prodaja, nabava, vodenje projektov, monta\u017ea in servis, programiranje in razvoj produktov ter skladi\u0161\u010denje. V podjetju se zavedamo, da je potrebno za u\u010dinkovitost, dobi\u010dkonosnost, zadovoljstvo dele\u017enikov in polo\u017eaj na trgu, notranje vire \u0161e dodatno optimizirati in digitalizirati.<\/p><p> Namen je izbolj\u0161ati konkuren\u010dnost podjetja preko procesnih izbolj\u0161av in spodbuditi prehod v Industrijo 4.0.<\/p> Nalo\u017ebo sofinancirata Republika Slovenija in Evropska unija iz Evropskega sklada za regionalni razvoj. Ve\u010d informacij o kohezijski politiki v Sloveniji: www.euskladi.si.\t\t\t\t\t\t<\/div>\n\t\t\t\t<\/div>\n\t\t\t\t\t<\/div>\n\t\t<\/div>\n\t\t\t\t\t\t\t<\/div>\n\t\t<\/section>\n\t\t\t\t<section class=\"elementor-section elementor-top-section elementor-element elementor-element-f14b204 elementor-section-boxed elementor-section-height-default elementor-section-height-default\" data-id=\"f14b204\" data-element_type=\"section\">\n\t\t\t\t\t\t<div class=\"elementor-container elementor-column-gap-default\">\n\t\t\t\t\t<div class=\"elementor-column elementor-col-33 elementor-top-column elementor-element elementor-element-d60c55d\" data-id=\"d60c55d\" data-element_type=\"column\">\n\t\t\t<div class=\"elementor-widget-wrap elementor-element-populated\">\n\t\t\t\t\t\t\t\t<div class=\"elementor-element elementor-element-a3a2b30 elementor-widget elementor-widget-image\" data-id=\"a3a2b30\" data-element_type=\"widget\" data-widget_type=\"image.default\">\n\t\t\t\t<div class=\"elementor-widget-container\">\n\t\t\t\t\t\t\t\t\t\t\t\t\t\t\t\t<a href=\"https:\/\/www.spiritslovenia.si\/\" target=\"_blank\">\n\t\t\t\t\t\t\t<img loading=\"lazy\" decoding=\"async\" width=\"350\" height=\"100\" src=\"https:\/\/kti.si\/wp-content\/uploads\/2021\/02\/projekt___ppp_v_kti___prejel_eu_sofinanciranje_____kti__elektronika__d.o.o.jpg\" class=\"attachment-large size-large wp-image-3185\" alt=\"\" srcset=\"https:\/\/kti.si\/wp-content\/uploads\/2021\/02\/projekt___ppp_v_kti___prejel_eu_sofinanciranje_____kti__elektronika__d.o.o.jpg 350w, https:\/\/kti.si\/wp-content\/uploads\/2021\/02\/projekt___ppp_v_kti___prejel_eu_sofinanciranje_____kti__elektronika__d.o.o-300x86.jpg 300w\" sizes=\"auto, (max-width: 350px) 100vw, 350px\" \/>\t\t\t\t\t\t\t\t<\/a>\n\t\t\t\t\t\t\t\t\t\t\t\t\t\t\t<\/div>\n\t\t\t\t<\/div>\n\t\t\t\t\t<\/div>\n\t\t<\/div>\n\t\t\t\t<div class=\"elementor-column elementor-col-33 elementor-top-column elementor-element elementor-element-16a296c\" data-id=\"16a296c\" data-element_type=\"column\">\n\t\t\t<div class=\"elementor-widget-wrap elementor-element-populated\">\n\t\t\t\t\t\t\t\t<div class=\"elementor-element elementor-element-c6c620e elementor-widget elementor-widget-image\" data-id=\"c6c620e\" data-element_type=\"widget\" data-widget_type=\"image.default\">\n\t\t\t\t<div class=\"elementor-widget-container\">\n\t\t\t\t\t\t\t\t\t\t\t\t\t\t\t\t<a href=\"https:\/\/ec.europa.eu\/regional_policy\/sl\/funding\/erdf\/\">\n\t\t\t\t\t\t\t<img loading=\"lazy\" decoding=\"async\" width=\"342\" height=\"163\" src=\"https:\/\/kti.si\/wp-content\/uploads\/2021\/02\/EU-Sklad-za-Regionalni-razvoj-02@2x.png\" class=\"attachment-large size-large wp-image-3186\" alt=\"\" srcset=\"https:\/\/kti.si\/wp-content\/uploads\/2021\/02\/EU-Sklad-za-Regionalni-razvoj-02@2x.png 342w, https:\/\/kti.si\/wp-content\/uploads\/2021\/02\/EU-Sklad-za-Regionalni-razvoj-02@2x-300x143.png 300w\" sizes=\"auto, (max-width: 342px) 100vw, 342px\" \/>\t\t\t\t\t\t\t\t<\/a>\n\t\t\t\t\t\t\t\t\t\t\t\t\t\t\t<\/div>\n\t\t\t\t<\/div>\n\t\t\t\t\t<\/div>\n\t\t<\/div>\n\t\t\t\t<div class=\"elementor-column elementor-col-33 elementor-top-column elementor-element elementor-element-221707e\" data-id=\"221707e\" data-element_type=\"column\">\n\t\t\t<div class=\"elementor-widget-wrap elementor-element-populated\">\n\t\t\t\t\t\t\t\t<div class=\"elementor-element elementor-element-76006b2 elementor-widget elementor-widget-image\" data-id=\"76006b2\" data-element_type=\"widget\" data-widget_type=\"image.default\">\n\t\t\t\t<div class=\"elementor-widget-container\">\n\t\t\t\t\t\t\t\t\t\t\t\t\t\t\t\t<a href=\"https:\/\/www.gov.si\/drzavni-organi\/ministrstva\/ministrstvo-za-gospodarski-razvoj-in-tehnologijo\/\">\n\t\t\t\t\t\t\t<img loading=\"lazy\" decoding=\"async\" width=\"383\" height=\"63\" src=\"https:\/\/kti.si\/wp-content\/uploads\/2021\/01\/Artboard-1@2x.png\" class=\"attachment-large size-large wp-image-552\" alt=\"\" srcset=\"https:\/\/kti.si\/wp-content\/uploads\/2021\/01\/Artboard-1@2x.png 383w, https:\/\/kti.si\/wp-content\/uploads\/2021\/01\/Artboard-1@2x-300x49.png 300w\" sizes=\"auto, (max-width: 383px) 100vw, 383px\" \/>\t\t\t\t\t\t\t\t<\/a>\n\t\t\t\t\t\t\t\t\t\t\t\t\t\t\t<\/div>\n\t\t\t\t<\/div>\n\t\t\t\t\t<\/div>\n\t\t<\/div>\n\t\t\t\t\t\t\t<\/div>\n\t\t<\/section>\n\t\t\t\t\t\t\t<\/div>\n\t\t","protected":false},"excerpt":{"rendered":"<p>PROJEKT \u00bbPPP V KTI\u00ab PREJEL EU SOFINANCIRANJE Projekt prenova poslovnih procesov v podjetju KTI elektronika d.o.o., bo zajemal naslednje aktivnosti in podro\u010dja dela: prodaja, nabava, vodenje projektov, monta\u017ea in servis, programiranje in razvoj produktov ter skladi\u0161\u010denje. V podjetju se zavedamo, da je potrebno za u\u010dinkovitost, dobi\u010dkonosnost, zadovoljstvo dele\u017enikov in polo\u017eaj na trgu, notranje vire \u0161e &hellip;<\/p>\n<p class=\"read-more\"> <a class=\"\" href=\"https:\/\/kti.si\/en\/eu-co-financing\/\"> <span class=\"screen-reader-text\">EU CO-FINANCING<\/span> Read More &raquo;<\/a><\/p>\n","protected":false},"author":1,"featured_media":0,"parent":0,"menu_order":0,"comment_status":"closed","ping_status":"closed","template":"","meta":{"site-sidebar-layout":"no-sidebar","site-content-layout":"page-builder","ast-global-header-display":"","ast-main-header-display":"","ast-hfb-above-header-display":"","ast-hfb-below-header-display":"","ast-hfb-mobile-header-display":"","site-post-title":"disabled","ast-breadcrumbs-content":"","ast-featured-img":"disabled","footer-sml-layout":"","theme-transparent-header-meta":"","adv-header-id-meta":"","stick-header-meta":"","header-above-stick-meta":"","header-main-stick-meta":"","header-below-stick-meta":"","footnotes":""},"class_list":["post-3886","page","type-page","status-publish","hentry"],"yoast_head":"<!-- This site is optimized with the Yoast SEO plugin v22.3 - https:\/\/yoast.com\/wordpress\/plugins\/seo\/ -->\n<title>EU CO-FINANCING - KTI, elektronika, d.o.o.<\/title>\n<meta name=\"description\" content=\"PROJEKT \u00bbPPP V KTI\u00ab PREJEL EU SOFINANCIRANJE Projekt prenova poslovnih procesov v podjetju KTI elektronika d.o.o., bo zajemal naslednje aktivnosti in\" \/>\n<meta name=\"robots\" content=\"index, follow, max-snippet:-1, max-image-preview:large, max-video-preview:-1\" \/>\n<link rel=\"canonical\" href=\"https:\/\/kti.si\/en\/eu-co-financing\/\" \/>\n<meta property=\"og:locale\" content=\"en_US\" \/>\n<meta property=\"og:type\" content=\"article\" \/>\n<meta property=\"og:title\" content=\"EU CO-FINANCING - KTI, elektronika, d.o.o.\" \/>\n<meta property=\"og:description\" content=\"PROJEKT \u00bbPPP V KTI\u00ab PREJEL EU SOFINANCIRANJE Projekt prenova poslovnih procesov v podjetju KTI elektronika d.o.o., bo zajemal naslednje aktivnosti in\" \/>\n<meta property=\"og:url\" content=\"https:\/\/kti.si\/en\/eu-co-financing\/\" \/>\n<meta property=\"og:site_name\" content=\"KTI, elektronika, d.o.o.\" \/>\n<meta property=\"article:publisher\" content=\"https:\/\/www.facebook.com\/KTI-elektronika-1230214997074729\/\" \/>\n<meta property=\"article:modified_time\" content=\"2021-03-04T10:00:35+00:00\" \/>\n<meta property=\"og:image\" content=\"https:\/\/kti.si\/wp-content\/uploads\/2021\/02\/projekt___ppp_v_kti___prejel_eu_sofinanciranje_____kti__elektronika__d.o.o.jpg\" \/>\n<meta name=\"twitter:card\" content=\"summary_large_image\" \/>\n<meta name=\"twitter:label1\" content=\"Est. reading time\" \/>\n\t<meta name=\"twitter:data1\" content=\"1 minute\" \/>\n<script type=\"application\/ld+json\" class=\"yoast-schema-graph\">{\"@context\":\"https:\/\/schema.org\",\"@graph\":[{\"@type\":\"WebPage\",\"@id\":\"https:\/\/kti.si\/en\/eu-co-financing\/\",\"url\":\"https:\/\/kti.si\/en\/eu-co-financing\/\",\"name\":\"EU CO-FINANCING - KTI, elektronika, d.o.o.\",\"isPartOf\":{\"@id\":\"https:\/\/kti.si\/#website\"},\"primaryImageOfPage\":{\"@id\":\"https:\/\/kti.si\/en\/eu-co-financing\/#primaryimage\"},\"image\":{\"@id\":\"https:\/\/kti.si\/en\/eu-co-financing\/#primaryimage\"},\"thumbnailUrl\":\"https:\/\/kti.si\/wp-content\/uploads\/2021\/02\/projekt___ppp_v_kti___prejel_eu_sofinanciranje_____kti__elektronika__d.o.o.jpg\",\"datePublished\":\"2021-02-16T08:41:04+00:00\",\"dateModified\":\"2021-03-04T10:00:35+00:00\",\"description\":\"PROJEKT \u00bbPPP V KTI\u00ab PREJEL EU SOFINANCIRANJE Projekt prenova poslovnih procesov v podjetju KTI elektronika d.o.o., bo zajemal naslednje aktivnosti in\",\"breadcrumb\":{\"@id\":\"https:\/\/kti.si\/en\/eu-co-financing\/#breadcrumb\"},\"inLanguage\":\"en-US\",\"potentialAction\":[{\"@type\":\"ReadAction\",\"target\":[\"https:\/\/kti.si\/en\/eu-co-financing\/\"]}]},{\"@type\":\"ImageObject\",\"inLanguage\":\"en-US\",\"@id\":\"https:\/\/kti.si\/en\/eu-co-financing\/#primaryimage\",\"url\":\"https:\/\/kti.si\/wp-content\/uploads\/2021\/02\/projekt___ppp_v_kti___prejel_eu_sofinanciranje_____kti__elektronika__d.o.o.jpg\",\"contentUrl\":\"https:\/\/kti.si\/wp-content\/uploads\/2021\/02\/projekt___ppp_v_kti___prejel_eu_sofinanciranje_____kti__elektronika__d.o.o.jpg\",\"width\":350,\"height\":100},{\"@type\":\"BreadcrumbList\",\"@id\":\"https:\/\/kti.si\/en\/eu-co-financing\/#breadcrumb\",\"itemListElement\":[{\"@type\":\"ListItem\",\"position\":1,\"name\":\"Home\",\"item\":\"https:\/\/kti.si\/\"},{\"@type\":\"ListItem\",\"position\":2,\"name\":\"EU CO-FINANCING\"}]},{\"@type\":\"WebSite\",\"@id\":\"https:\/\/kti.si\/#website\",\"url\":\"https:\/\/kti.si\/\",\"name\":\"KTI, elektronika, d.o.o.\",\"description\":\"Nudimo vam kvalitetne re\u0161itve na podro\u010dju proizvodnih oz. delovnih procesov, ter drugih podro\u010djih elektro stroke.\",\"publisher\":{\"@id\":\"https:\/\/kti.si\/#organization\"},\"potentialAction\":[{\"@type\":\"SearchAction\",\"target\":{\"@type\":\"EntryPoint\",\"urlTemplate\":\"https:\/\/kti.si\/?s={search_term_string}\"},\"query-input\":\"required name=search_term_string\"}],\"inLanguage\":\"en-US\"},{\"@type\":\"Organization\",\"@id\":\"https:\/\/kti.si\/#organization\",\"name\":\"KTI, elektronika, d.o.o.\",\"url\":\"https:\/\/kti.si\/\",\"logo\":{\"@type\":\"ImageObject\",\"inLanguage\":\"en-US\",\"@id\":\"https:\/\/kti.si\/#\/schema\/logo\/image\/\",\"url\":\"https:\/\/kti.si\/wp-content\/uploads\/2021\/03\/Logotip_KTI.svg\",\"contentUrl\":\"https:\/\/kti.si\/wp-content\/uploads\/2021\/03\/Logotip_KTI.svg\",\"width\":\"1024\",\"height\":\"1024\",\"caption\":\"KTI, elektronika, d.o.o.\"},\"image\":{\"@id\":\"https:\/\/kti.si\/#\/schema\/logo\/image\/\"},\"sameAs\":[\"https:\/\/www.facebook.com\/KTI-elektronika-1230214997074729\/\"]}]}<\/script>\n<!-- \/ Yoast SEO plugin. -->","yoast_head_json":{"title":"EU CO-FINANCING - KTI, elektronika, d.o.o.","description":"PROJEKT \u00bbPPP V KTI\u00ab PREJEL EU SOFINANCIRANJE Projekt prenova poslovnih procesov v podjetju KTI elektronika d.o.o., bo zajemal naslednje aktivnosti in","robots":{"index":"index","follow":"follow","max-snippet":"max-snippet:-1","max-image-preview":"max-image-preview:large","max-video-preview":"max-video-preview:-1"},"canonical":"https:\/\/kti.si\/en\/eu-co-financing\/","og_locale":"en_US","og_type":"article","og_title":"EU CO-FINANCING - KTI, elektronika, d.o.o.","og_description":"PROJEKT \u00bbPPP V KTI\u00ab PREJEL EU SOFINANCIRANJE Projekt prenova poslovnih procesov v podjetju KTI elektronika d.o.o., bo zajemal naslednje aktivnosti in","og_url":"https:\/\/kti.si\/en\/eu-co-financing\/","og_site_name":"KTI, elektronika, d.o.o.","article_publisher":"https:\/\/www.facebook.com\/KTI-elektronika-1230214997074729\/","article_modified_time":"2021-03-04T10:00:35+00:00","og_image":[{"url":"https:\/\/kti.si\/wp-content\/uploads\/2021\/02\/projekt___ppp_v_kti___prejel_eu_sofinanciranje_____kti__elektronika__d.o.o.jpg"}],"twitter_card":"summary_large_image","twitter_misc":{"Est. reading time":"1 minute"},"schema":{"@context":"https:\/\/schema.org","@graph":[{"@type":"WebPage","@id":"https:\/\/kti.si\/en\/eu-co-financing\/","url":"https:\/\/kti.si\/en\/eu-co-financing\/","name":"EU CO-FINANCING - KTI, elektronika, d.o.o.","isPartOf":{"@id":"https:\/\/kti.si\/#website"},"primaryImageOfPage":{"@id":"https:\/\/kti.si\/en\/eu-co-financing\/#primaryimage"},"image":{"@id":"https:\/\/kti.si\/en\/eu-co-financing\/#primaryimage"},"thumbnailUrl":"https:\/\/kti.si\/wp-content\/uploads\/2021\/02\/projekt___ppp_v_kti___prejel_eu_sofinanciranje_____kti__elektronika__d.o.o.jpg","datePublished":"2021-02-16T08:41:04+00:00","dateModified":"2021-03-04T10:00:35+00:00","description":"PROJEKT \u00bbPPP V KTI\u00ab PREJEL EU SOFINANCIRANJE Projekt prenova poslovnih procesov v podjetju KTI elektronika d.o.o., bo zajemal naslednje aktivnosti in","breadcrumb":{"@id":"https:\/\/kti.si\/en\/eu-co-financing\/#breadcrumb"},"inLanguage":"en-US","potentialAction":[{"@type":"ReadAction","target":["https:\/\/kti.si\/en\/eu-co-financing\/"]}]},{"@type":"ImageObject","inLanguage":"en-US","@id":"https:\/\/kti.si\/en\/eu-co-financing\/#primaryimage","url":"https:\/\/kti.si\/wp-content\/uploads\/2021\/02\/projekt___ppp_v_kti___prejel_eu_sofinanciranje_____kti__elektronika__d.o.o.jpg","contentUrl":"https:\/\/kti.si\/wp-content\/uploads\/2021\/02\/projekt___ppp_v_kti___prejel_eu_sofinanciranje_____kti__elektronika__d.o.o.jpg","width":350,"height":100},{"@type":"BreadcrumbList","@id":"https:\/\/kti.si\/en\/eu-co-financing\/#breadcrumb","itemListElement":[{"@type":"ListItem","position":1,"name":"Home","item":"https:\/\/kti.si\/"},{"@type":"ListItem","position":2,"name":"EU CO-FINANCING"}]},{"@type":"WebSite","@id":"https:\/\/kti.si\/#website","url":"https:\/\/kti.si\/","name":"KTI, elektronika, d.o.o.","description":"Nudimo vam kvalitetne re\u0161itve na podro\u010dju proizvodnih oz. delovnih procesov, ter drugih podro\u010djih elektro stroke.","publisher":{"@id":"https:\/\/kti.si\/#organization"},"potentialAction":[{"@type":"SearchAction","target":{"@type":"EntryPoint","urlTemplate":"https:\/\/kti.si\/?s={search_term_string}"},"query-input":"required name=search_term_string"}],"inLanguage":"en-US"},{"@type":"Organization","@id":"https:\/\/kti.si\/#organization","name":"KTI, elektronika, d.o.o.","url":"https:\/\/kti.si\/","logo":{"@type":"ImageObject","inLanguage":"en-US","@id":"https:\/\/kti.si\/#\/schema\/logo\/image\/","url":"https:\/\/kti.si\/wp-content\/uploads\/2021\/03\/Logotip_KTI.svg","contentUrl":"https:\/\/kti.si\/wp-content\/uploads\/2021\/03\/Logotip_KTI.svg","width":"1024","height":"1024","caption":"KTI, elektronika, d.o.o."},"image":{"@id":"https:\/\/kti.si\/#\/schema\/logo\/image\/"},"sameAs":["https:\/\/www.facebook.com\/KTI-elektronika-1230214997074729\/"]}]}},"_links":{"self":[{"href":"https:\/\/kti.si\/en\/wp-json\/wp\/v2\/pages\/3886","targetHints":{"allow":["GET"]}}],"collection":[{"href":"https:\/\/kti.si\/en\/wp-json\/wp\/v2\/pages"}],"about":[{"href":"https:\/\/kti.si\/en\/wp-json\/wp\/v2\/types\/page"}],"author":[{"embeddable":true,"href":"https:\/\/kti.si\/en\/wp-json\/wp\/v2\/users\/1"}],"replies":[{"embeddable":true,"href":"https:\/\/kti.si\/en\/wp-json\/wp\/v2\/comments?post=3886"}],"version-history":[{"count":2,"href":"https:\/\/kti.si\/en\/wp-json\/wp\/v2\/pages\/3886\/revisions"}],"predecessor-version":[{"id":3890,"href":"https:\/\/kti.si\/en\/wp-json\/wp\/v2\/pages\/3886\/revisions\/3890"}],"wp:attachment":[{"href":"https:\/\/kti.si\/en\/wp-json\/wp\/v2\/media?parent=3886"}],"curies":[{"name":"wp","href":"https:\/\/api.w.org\/{rel}","templated":true}]}}